{"id":3587,"date":"2024-12-17T18:30:06","date_gmt":"2024-12-17T18:30:06","guid":{"rendered":"https:\/\/tantalexlithium.com\/richard-creitzman\/"},"modified":"2024-12-17T19:37:19","modified_gmt":"2024-12-17T19:37:19","slug":"richard-creitzman","status":"publish","type":"page","link":"https:\/\/tantalexlithium.com\/fr\/richard-creitzman\/","title":{"rendered":"Richard Creitzman"},"content":{"rendered":"<p><div class=\"fusion-fullwidth fullwidth-box fusion-builder-row-1 fusion-flex-container video-background nonhundred-percent-fullwidth non-hundred-percent-height-scrolling\" style=\"background-color: rgba(255,255,255,0);background-position: center center;background-repeat: no-repeat;border-width: 0px 0px 0px 0px;border-color:var(--awb-color3);border-style:solid;\" ><div class=\"fullwidth-video\"><video preload=\"auto\" autoplay playsinline loop muted><source src=\"https:\/\/tantalexlithium.com\/wp-content\/uploads\/2022\/04\/tantalex-header-background.mp4\" type=\"video\/mp4\"><\/video><\/div><div class=\"fullwidth-overlay\" style=\"background-color:rgba(255,255,255,0);\"><\/div><div class=\"fusion-builder-row fusion-row fusion-flex-align-items-flex-start\" style=\"max-width:104%;margin-left: calc(-4% \/ 2 );margin-right: calc(-4% \/ 2 );\"><div class=\"fusion-layout-column fusion_builder_column fusion-builder-column-0 fusion_builder_column_1_1 1_1 fusion-flex-column\"><div class=\"fusion-column-wrapper fusion-flex-justify-content-flex-start fusion-content-layout-column fusion-empty-dims-bg-image\" style=\"background-image: url(&#039;https:\/\/tantalexlithium.com\/wp-content\/uploads\/2022\/04\/tantalex-header-background-1.mp4&#039;);background-position:left top;background-repeat:no-repeat;-webkit-background-size:cover;-moz-background-size:cover;-o-background-size:cover;background-size:cover;padding: 80px 0px 80px 0px;\" data-bg-url=\"https:\/\/tantalexlithium.com\/wp-content\/uploads\/2022\/04\/tantalex-header-background-1.mp4\"><style type=\"text\/css\">@media only screen and (max-width:1024px) {.fusion-title.fusion-title-1{margin-top:10px!important; margin-right:0px!important;margin-bottom:15px!important;margin-left:0px!important;}}@media only screen and (max-width:640px) {.fusion-title.fusion-title-1{margin-top:10px!important; margin-right:0px!important;margin-bottom:10px!important; margin-left:0px!important;}}<\/style><div class=\"fusion-title title fusion-title-1 fusion-sep-none fusion-title-center fusion-title-text fusion-title-size-two\" style=\"margin-top:10px;margin-right:0px;margin-bottom:15px;margin-left:0px;\"><h2 class=\"title-heading-center\" style=\"margin:0;color:var(--awb-color1);\">Directeurs \/ Membres du conseil d\u2019administration<\/h2><\/div><\/div><style type=\"text\/css\">.fusion-body .fusion-builder-column-0{width:100% !important;margin-top : 0px;margin-bottom : 0px;}.fusion-builder-column-0 > .fusion-column-wrapper {padding-top : 80px !important;padding-right : 0px !important;margin-right : 1.92%;padding-bottom : 80px !important;padding-left : 0px !important;margin-left : 1.92%;}@media only screen and (max-width:1024px) {.fusion-body .fusion-builder-column-0{width:100% !important;order : 0;}.fusion-builder-column-0 > .fusion-column-wrapper {margin-right : 1.92%;margin-left : 1.92%;}}@media only screen and (min-width:1024px) {.fusion-body .fusion-builder-column-0 .fusion-empty-dims-img-placeholder { display: none; } }@media only screen and (max-width:640px) {.fusion-body .fusion-builder-column-0{width:100% !important;order : 0;}.fusion-builder-column-0 > .fusion-column-wrapper {margin-right : 1.92%;margin-left : 1.92%;}}<\/style><\/div><\/div><style type=\"text\/css\">.fusion-body .fusion-flex-container.fusion-builder-row-1{ padding-top : 0px;margin-top : 0px;padding-right : 30px;padding-bottom : 0px;margin-bottom : 0px;padding-left : 30px;}<\/style><\/div><div class=\"fusion-fullwidth fullwidth-box fusion-builder-row-2 fusion-flex-container nonhundred-percent-fullwidth non-hundred-percent-height-scrolling\" style=\"background-color: rgba(255,255,255,0);background-position: center center;background-repeat: no-repeat;border-width: 0px 0px 0px 0px;border-color:var(--awb-color3);border-style:solid;\" ><div class=\"fusion-builder-row fusion-row fusion-flex-align-items-flex-start fusion-flex-justify-content-center\" style=\"max-width:calc( 100% + 50px );margin-left: calc(-50px \/ 2 );margin-right: calc(-50px \/ 2 );\"><div class=\"fusion-layout-column fusion_builder_column fusion-builder-column-1 fusion_builder_column_1_3 1_3 fusion-flex-column\"><div class=\"fusion-column-wrapper fusion-flex-justify-content-flex-start fusion-content-layout-column\" style=\"background-position:left top;background-repeat:no-repeat;-webkit-background-size:cover;-moz-background-size:cover;-o-background-size:cover;background-size:cover;padding: 0px 0px 0px 0px;\"><div ><style>.fusion-imageframe.imageframe-1{ margin-bottom : 25px;}<\/style><span class=\" fusion-imageframe imageframe-none imageframe-1 hover-type-none\"><img width=\"1408\" height=\"937\" alt=\"Richard Creitzman\" title=\"Screenshot 2024-12-17 at 1.22.49\u202fPM\" src=\"https:\/\/tantalexlithium.com\/wp-content\/uploads\/2024\/12\/Screenshot-2024-12-17-at-1.22.49\u202fPM.png\" class=\"img-responsive wp-image-3562\" srcset=\"https:\/\/tantalexlithium.com\/wp-content\/uploads\/2024\/12\/Screenshot-2024-12-17-at-1.22.49\u202fPM-200x133.png 200w, https:\/\/tantalexlithium.com\/wp-content\/uploads\/2024\/12\/Screenshot-2024-12-17-at-1.22.49\u202fPM-400x266.png 400w, https:\/\/tantalexlithium.com\/wp-content\/uploads\/2024\/12\/Screenshot-2024-12-17-at-1.22.49\u202fPM-600x399.png 600w, https:\/\/tantalexlithium.com\/wp-content\/uploads\/2024\/12\/Screenshot-2024-12-17-at-1.22.49\u202fPM-800x532.png 800w, https:\/\/tantalexlithium.com\/wp-content\/uploads\/2024\/12\/Screenshot-2024-12-17-at-1.22.49\u202fPM-1200x799.png 1200w, https:\/\/tantalexlithium.com\/wp-content\/uploads\/2024\/12\/Screenshot-2024-12-17-at-1.22.49\u202fPM.png 1408w\" sizes=\"(max-width: 640px) 100vw, 800px\" \/><\/span><\/div><\/div><style type=\"text\/css\">.fusion-body .fusion-builder-column-1{width:33.333333333333% !important;margin-top : 0px;margin-bottom : 20px;}.fusion-builder-column-1 > .fusion-column-wrapper {padding-top : 0px !important;padding-right : 0px !important;margin-right : 25px;padding-bottom : 0px !important;padding-left : 0px !important;margin-left : 25px;}@media only screen and (max-width:1024px) {.fusion-body .fusion-builder-column-1{width:33.333333333333% !important;order : 0;}.fusion-builder-column-1 > .fusion-column-wrapper {margin-right : 25px;margin-left : 25px;}}@media only screen and (max-width:640px) {.fusion-body .fusion-builder-column-1{width:100% !important;order : 0;}.fusion-builder-column-1 > .fusion-column-wrapper {margin-right : 25px;margin-left : 25px;}}<\/style><\/div><div class=\"fusion-layout-column fusion_builder_column fusion-builder-column-2 fusion_builder_column_1_3 1_3 fusion-flex-column\"><div class=\"fusion-column-wrapper fusion-flex-justify-content-flex-start fusion-content-layout-column\" style=\"background-position:left top;background-repeat:no-repeat;-webkit-background-size:cover;-moz-background-size:cover;-o-background-size:cover;background-size:cover;padding: 0px 0px 0px 0px;\"><div class=\"fusion-text fusion-text-1\" style=\"font-size:24px;line-height:1.6;letter-spacing:0.020em;text-transform:none;color:var(--awb-color1);font-family:&quot;Poppins&quot;;font-weight:500;\"><h4>RICHARD CREITZMAN<\/h4>\n<\/div><div class=\"fusion-text fusion-text-2\" style=\"font-size:16px;text-transform:none;color:var(--awb-color4);font-family:&quot;Poppins&quot;;font-weight:400;\"><p>Directeur<\/p>\n<\/div><div class=\"fusion-text fusion-text-3\" style=\"text-transform:none;\"><p>Richard a pass\u00e9 plus de 30 ans \u00e0 travailler en tant que professionnel du commerce et du financement des entreprises dans les banques internationales ING et West LB et chez les n\u00e9gociants et producteurs de mati\u00e8res premi\u00e8res Coalco, Sibneft et Vitol.<\/p>\n<\/div><div ><style>.fusion-body .fusion-button.button-1 .fusion-button-text,.fusion-body .fusion-button.button-1 i{color:var(--awb-color4);}.fusion-body .fusion-button.button-1{border-color:var(--awb-color4);border-width:1px 1px 1px 1px;border-radius:0px 0px 0px 0px;background:rgba(165,165,165,0);background-image:linear-gradient(180deg,rgba(165,165,165,0) 0%,rgba(186,186,186,0) 100%);letter-spacing:0.05em;font-family:\"Open Sans\";font-weight:500;}.fusion-body .fusion-button.button-1:hover .fusion-button-text,.fusion-body .fusion-button.button-1:hover i,.fusion-body .fusion-button.button-1:focus .fusion-button-text,.fusion-body .fusion-button.button-1:focus i,.fusion-body .fusion-button.button-1:active .fusion-button-text,.fusion-body .fusion-button.button-1:active i{color:var(--awb-color7);}.fusion-body .fusion-button.button-1:hover,.fusion-body .fusion-button.button-1:active,.fusion-body .fusion-button.button-1:focus{border-color:var(--awb-color7);border-width:1px 1px 1px 1px;background:rgba(188,188,188,0);background-image:linear-gradient(180deg,rgba(188,188,188,0) 0%,rgba(117,117,117,0) 100%);}<\/style><a class=\"fusion-button button-flat button-medium button-custom button-1 fusion-button-default-span fusion-button-default-type\" target=\"_self\" href=\"https:\/\/tantalexlithium.com\/fr\/directeurs\/\" style=\"margin-top:50px;\"><i class=\"fa-arrow-alt-circle-left far button-icon-left\" aria-hidden=\"true\"><\/i><span class=\"fusion-button-text\">Retour page Directeurs<\/span><\/a><\/div><\/div><style type=\"text\/css\">.fusion-body .fusion-builder-column-2{width:33.333333333333% !important;margin-top : 0px;margin-bottom : 20px;}.fusion-builder-column-2 > .fusion-column-wrapper {padding-top : 0px !important;padding-right : 0px !important;margin-right : 25px;padding-bottom : 0px !important;padding-left : 0px !important;margin-left : 25px;}@media only screen and (max-width:1024px) {.fusion-body .fusion-builder-column-2{width:33.333333333333% !important;order : 0;}.fusion-builder-column-2 > .fusion-column-wrapper {margin-right : 25px;margin-left : 25px;}}@media only screen and (max-width:640px) {.fusion-body .fusion-builder-column-2{width:100% !important;order : 0;}.fusion-builder-column-2 > .fusion-column-wrapper {margin-right : 25px;margin-left : 25px;}}<\/style><\/div><\/div><style type=\"text\/css\">.fusion-body .fusion-flex-container.fusion-builder-row-2{ padding-top : 80px;margin-top : 0px;padding-right : 30px;padding-bottom : 80px;margin-bottom : 0px;padding-left : 30px;}<\/style><\/div><\/p>\n","protected":false},"excerpt":{"rendered":"","protected":false},"author":4,"featured_media":0,"parent":0,"menu_order":0,"comment_status":"closed","ping_status":"closed","template":"","meta":[],"_links":{"self":[{"href":"https:\/\/tantalexlithium.com\/fr\/wp-json\/wp\/v2\/pages\/3587"}],"collection":[{"href":"https:\/\/tantalexlithium.com\/fr\/wp-json\/wp\/v2\/pages"}],"about":[{"href":"https:\/\/tantalexlithium.com\/fr\/wp-json\/wp\/v2\/types\/page"}],"author":[{"embeddable":true,"href":"https:\/\/tantalexlithium.com\/fr\/wp-json\/wp\/v2\/users\/4"}],"replies":[{"embeddable":true,"href":"https:\/\/tantalexlithium.com\/fr\/wp-json\/wp\/v2\/comments?post=3587"}],"version-history":[{"count":2,"href":"https:\/\/tantalexlithium.com\/fr\/wp-json\/wp\/v2\/pages\/3587\/revisions"}],"predecessor-version":[{"id":3589,"href":"https:\/\/tantalexlithium.com\/fr\/wp-json\/wp\/v2\/pages\/3587\/revisions\/3589"}],"wp:attachment":[{"href":"https:\/\/tantalexlithium.com\/fr\/wp-json\/wp\/v2\/media?parent=3587"}],"curies":[{"name":"wp","href":"https:\/\/api.w.org\/{rel}","templated":true}]}}