{"id":2811,"date":"2022-03-25T05:49:01","date_gmt":"2022-03-25T05:49:01","guid":{"rendered":"https:\/\/tantalexlithium.com\/sign-up\/"},"modified":"2022-12-07T05:53:28","modified_gmt":"2022-12-07T05:53:28","slug":"sinscrire","status":"publish","type":"page","link":"https:\/\/tantalexlithium.com\/fr\/sinscrire\/","title":{"rendered":"S&rsquo;inscrire"},"content":{"rendered":"<p><div class=\"fusion-fullwidth fullwidth-box fusion-builder-row-1 fusion-flex-container video-background nonhundred-percent-fullwidth non-hundred-percent-height-scrolling\" style=\"background-color: rgba(255,255,255,0);background-position: center center;background-repeat: no-repeat;border-width: 0px 0px 0px 0px;border-color:var(--awb-color3);border-style:solid;\" ><div class=\"fullwidth-video\"><video preload=\"auto\" autoplay playsinline loop muted><source src=\"https:\/\/tantalexlithium.com\/wp-content\/uploads\/2022\/04\/tantalex-header-background.mp4\" type=\"video\/mp4\"><\/video><\/div><div class=\"fullwidth-overlay\" style=\"background-color:rgba(255,255,255,0);\"><\/div><div class=\"fusion-builder-row fusion-row fusion-flex-align-items-flex-start\" style=\"max-width:104%;margin-left: calc(-4% \/ 2 );margin-right: calc(-4% \/ 2 );\"><div class=\"fusion-layout-column fusion_builder_column fusion-builder-column-0 fusion_builder_column_1_1 1_1 fusion-flex-column\"><div class=\"fusion-column-wrapper fusion-flex-justify-content-flex-start fusion-content-layout-column fusion-empty-dims-bg-image\" style=\"background-image: url(&#039;https:\/\/tantalexlithium.com\/wp-content\/uploads\/2022\/04\/tantalex-header-background-1.mp4&#039;);background-position:left top;background-repeat:no-repeat;-webkit-background-size:cover;-moz-background-size:cover;-o-background-size:cover;background-size:cover;padding: 80px 0px 80px 0px;\" data-bg-url=\"https:\/\/tantalexlithium.com\/wp-content\/uploads\/2022\/04\/tantalex-header-background-1.mp4\"><style type=\"text\/css\">@media only screen and (max-width:1024px) {.fusion-title.fusion-title-1{margin-top:10px!important; margin-right:0px!important;margin-bottom:15px!important;margin-left:0px!important;}}@media only screen and (max-width:640px) {.fusion-title.fusion-title-1{margin-top:10px!important; margin-right:0px!important;margin-bottom:10px!important; margin-left:0px!important;}}<\/style><div class=\"fusion-title title fusion-title-1 fusion-sep-none fusion-title-center fusion-title-text fusion-title-size-two\" style=\"margin-top:10px;margin-right:0px;margin-bottom:15px;margin-left:0px;\"><h2 class=\"title-heading-center\" style=\"margin:0;color:var(--awb-color1);\">ABONNEZ-VOUS \u00c0 NOTRE LETTRE D&rsquo;INFORMATION<\/h2><\/div><\/div><style type=\"text\/css\">.fusion-body .fusion-builder-column-0{width:100% !important;margin-top : 0px;margin-bottom : 0px;}.fusion-builder-column-0 > .fusion-column-wrapper {padding-top : 80px !important;padding-right : 0px !important;margin-right : 1.92%;padding-bottom : 80px !important;padding-left : 0px !important;margin-left : 1.92%;}@media only screen and (max-width:1024px) {.fusion-body .fusion-builder-column-0{width:100% !important;order : 0;}.fusion-builder-column-0 > .fusion-column-wrapper {margin-right : 1.92%;margin-left : 1.92%;}}@media only screen and (min-width:1024px) {.fusion-body .fusion-builder-column-0 .fusion-empty-dims-img-placeholder { display: none; } }@media only screen and (max-width:640px) {.fusion-body .fusion-builder-column-0{width:100% !important;order : 0;}.fusion-builder-column-0 > .fusion-column-wrapper {margin-right : 1.92%;margin-left : 1.92%;}}<\/style><\/div><\/div><style type=\"text\/css\">.fusion-body .fusion-flex-container.fusion-builder-row-1{ padding-top : 0px;margin-top : 0px;padding-right : 30px;padding-bottom : 0px;margin-bottom : 0px;padding-left : 30px;}<\/style><\/div><div class=\"fusion-fullwidth fullwidth-box fusion-builder-row-2 fusion-flex-container nonhundred-percent-fullwidth non-hundred-percent-height-scrolling\" style=\"background-color: rgba(255,255,255,0);background-position: center center;background-repeat: no-repeat;border-width: 0px 0px 0px 0px;border-color:var(--awb-color3);border-style:solid;\" ><div class=\"fusion-builder-row fusion-row fusion-flex-align-items-flex-start\" style=\"max-width:104%;margin-left: calc(-4% \/ 2 );margin-right: calc(-4% \/ 2 );\"><div class=\"fusion-layout-column fusion_builder_column fusion-builder-column-1 fusion_builder_column_1_5 1_5 fusion-flex-column\"><div class=\"fusion-column-wrapper fusion-flex-justify-content-flex-start fusion-content-layout-column\" style=\"background-position:left top;background-repeat:no-repeat;-webkit-background-size:cover;-moz-background-size:cover;-o-background-size:cover;background-size:cover;padding: 0px 0px 0px 0px;\"><\/div><style type=\"text\/css\">.fusion-body .fusion-builder-column-1{width:20% !important;margin-top : 0px;margin-bottom : 20px;}.fusion-builder-column-1 > .fusion-column-wrapper {padding-top : 0px !important;padding-right : 0px !important;margin-right : 9.6%;padding-bottom : 0px !important;padding-left : 0px !important;margin-left : 9.6%;}@media only screen and (max-width:1024px) {.fusion-body .fusion-builder-column-1{width:20% !important;order : 0;}.fusion-builder-column-1 > .fusion-column-wrapper {margin-right : 9.6%;margin-left : 9.6%;}}@media only screen and (max-width:640px) {.fusion-body .fusion-builder-column-1{width:100% !important;order : 0;}.fusion-builder-column-1 > .fusion-column-wrapper {margin-right : 1.92%;margin-left : 1.92%;}}<\/style><\/div><div class=\"fusion-layout-column fusion_builder_column fusion-builder-column-2 fusion_builder_column_3_5 3_5 fusion-flex-column\"><div class=\"fusion-column-wrapper fusion-flex-justify-content-flex-start fusion-content-layout-column\" style=\"background-position:left top;background-repeat:no-repeat;-webkit-background-size:cover;-moz-background-size:cover;-o-background-size:cover;background-size:cover;padding: 0px 0px 0px 0px;\"><style type=\"text\/css\">@media only screen and (max-width:1024px) {.fusion-title.fusion-title-2{margin-top:10px!important; margin-right:0px!important;margin-bottom:15px!important;margin-left:0px!important;}}@media only screen and (max-width:640px) {.fusion-title.fusion-title-2{margin-top:10px!important; margin-right:0px!important;margin-bottom:10px!important; margin-left:0px!important;}}<\/style><div class=\"fusion-title title fusion-title-2 fusion-sep-none fusion-title-text fusion-title-size-one\" style=\"margin-top:10px;margin-right:0px;margin-bottom:15px;margin-left:0px;\"><h1 class=\"title-heading-left\" style=\"margin:0;\"><h4 style=\"text-align: center;\">Joignez-vous \u00e0 notre liste d&rsquo;envoi!<\/h4>\n<h6 style=\"text-align: center;\">Inscrivez-vous pour recevoir des mises \u00e0 jour et des annonces par e-mail.<\/h6><\/h1><\/div><\/div><style type=\"text\/css\">.fusion-body .fusion-builder-column-2{width:60% !important;margin-top : 0px;margin-bottom : 20px;}.fusion-builder-column-2 > .fusion-column-wrapper {padding-top : 0px !important;padding-right : 0px !important;margin-right : 3.2%;padding-bottom : 0px !important;padding-left : 0px !important;margin-left : 3.2%;}@media only screen and (max-width:1024px) {.fusion-body .fusion-builder-column-2{width:60% !important;order : 0;}.fusion-builder-column-2 > .fusion-column-wrapper {margin-right : 3.2%;margin-left : 3.2%;}}@media only screen and (max-width:640px) {.fusion-body .fusion-builder-column-2{width:100% !important;order : 0;}.fusion-builder-column-2 > .fusion-column-wrapper {margin-right : 1.92%;margin-left : 1.92%;}}<\/style><\/div><\/div><style type=\"text\/css\">.fusion-body .fusion-flex-container.fusion-builder-row-2{ padding-top : 0px;margin-top : 50px;padding-right : 30px;padding-bottom : 0px;margin-bottom : 0px;padding-left : 30px;}<\/style><\/div><div class=\"fusion-fullwidth fullwidth-box fusion-builder-row-3 fusion-flex-container nonhundred-percent-fullwidth non-hundred-percent-height-scrolling\" style=\"background-color: rgba(255,255,255,0);background-position: center center;background-repeat: no-repeat;border-width: 0px 0px 0px 0px;border-color:var(--awb-color3);border-style:solid;\" ><div class=\"fusion-builder-row fusion-row fusion-flex-align-items-flex-start\" style=\"max-width:104%;margin-left: calc(-4% \/ 2 );margin-right: calc(-4% \/ 2 );\"><div class=\"fusion-layout-column fusion_builder_column fusion-builder-column-3 fusion_builder_column_1_5 1_5 fusion-flex-column\"><div class=\"fusion-column-wrapper fusion-flex-justify-content-flex-start fusion-content-layout-column\" style=\"background-position:left top;background-repeat:no-repeat;-webkit-background-size:cover;-moz-background-size:cover;-o-background-size:cover;background-size:cover;padding: 0px 0px 0px 0px;\"><\/div><style type=\"text\/css\">.fusion-body .fusion-builder-column-3{width:20% !important;margin-top : 0px;margin-bottom : 20px;}.fusion-builder-column-3 > .fusion-column-wrapper {padding-top : 0px !important;padding-right : 0px !important;margin-right : 9.6%;padding-bottom : 0px !important;padding-left : 0px !important;margin-left : 9.6%;}@media only screen and (max-width:1024px) {.fusion-body .fusion-builder-column-3{width:20% !important;order : 0;}.fusion-builder-column-3 > .fusion-column-wrapper {margin-right : 9.6%;margin-left : 9.6%;}}@media only screen and (max-width:640px) {.fusion-body .fusion-builder-column-3{width:100% !important;order : 0;}.fusion-builder-column-3 > .fusion-column-wrapper {margin-right : 1.92%;margin-left : 1.92%;}}<\/style><\/div><div class=\"fusion-layout-column fusion_builder_column fusion-builder-column-4 fusion_builder_column_3_5 3_5 fusion-flex-column\"><div class=\"fusion-column-wrapper fusion-flex-justify-content-flex-start fusion-content-layout-column\" style=\"background-position:left top;background-repeat:no-repeat;-webkit-background-size:cover;-moz-background-size:cover;-o-background-size:cover;background-size:cover;padding: 0px 0px 0px 0px;\"><style>.fusion-form-form-wrapper .fusion-form-2979 .fusion-form-tooltip .fusion-form-tooltip-content{color:#ffffff !important;background-color:#333333 !important;border-color:#333333 !important;}.fusion-form-form-wrapper .fusion-form-2979 input[type=\"date\"],.fusion-form-form-wrapper .fusion-form-2979 input[type=\"datetime-local\"],.fusion-form-form-wrapper .fusion-form-2979 input[type=\"email\"],.fusion-form-form-wrapper .fusion-form-2979 input[type=\"month\"],.fusion-form-form-wrapper .fusion-form-2979 input[type=\"number\"],.fusion-form-form-wrapper .fusion-form-2979 input[type=\"password\"],.fusion-form-form-wrapper .fusion-form-2979 input[type=\"search\"],.fusion-form-form-wrapper .fusion-form-2979 input[type=\"tel\"],.fusion-form-form-wrapper .fusion-form-2979 input[type=\"phone-number\"],.fusion-form-form-wrapper .fusion-form-2979 input[type=\"text\"],.fusion-form-form-wrapper .fusion-form-2979 input[type=\"time\"],.fusion-form-form-wrapper .fusion-form-2979 input[type=\"url\"],.fusion-form-form-wrapper .fusion-form-2979 input[type=\"week\"],.fusion-form-form-wrapper .fusion-form-2979 input[type=\"datetime\"],.fusion-form-form-wrapper .fusion-form-2979 select,.fusion-form-form-wrapper .fusion-form-2979 textarea,.fusion-form-form-wrapper .fusion-form-2979 input[type=\"upload\"],.fusion-form-form-wrapper .fusion-form-2979 .fusion-form-field .fusion-form-image-select label{border-top-width:0px;border-bottom-width:1px;border-right-width:0px;border-left-width:1px;border-color:var(--awb-color4);border-radius:1px;}.fusion-form-form-wrapper .fusion-form-2979 .fusion-select-wrapper .select-arrow{right:calc( 1em + 0px) !important;}.fusion-form-form-wrapper .fusion-form-2979 .fusion-form-field .fusion-form-input-with-icon > i{left:calc( 1em + 1px) !important;}.fusion-form-form-wrapper .fusion-form-2979 .fusion-form-field:not( .fusion-form-upload-field ) .fusion-form-input-with-icon > i{top:calc( 50% + (0px - 1px ) \/ 2 ) !important;}.fusion-form-form-wrapper .fusion-form-2979 .fusion-form-field.fusion-form-textarea-field .fusion-form-input-with-icon > i{top:calc( 0px + 1em ) !important;}.fusion-form-form-wrapper .fusion-form-2979 .fusion-form-field .fusion-form-checkbox label:before,.fusion-form-form-wrapper .fusion-form-2979 .fusion-form-field .fusion-form-radio label:before{border-color:var(--awb-color4);}.fusion-form-form-wrapper .fusion-form-2979 .fusion-form-field .fusion-form-rating-area .fusion-form-rating-icon{color:var(--awb-color4);}.fusion-form-form-wrapper .fusion-form-2979 .fusion-form-field input[type=range]::-webkit-slider-runnable-track{background:var(--awb-color4);}.fusion-form-form-wrapper .fusion-form-2979 .fusion-form-field input[type=range]::-moz-range-track{background:var(--awb-color4);}.fusion-form-form-wrapper .fusion-form-2979 input:not([type=\"submit\"]):focus,.fusion-form-form-wrapper .fusion-form-2979 select:focus,.fusion-form-form-wrapper .fusion-form-2979 textarea:focus,.fusion-form-form-wrapper .fusion-form-2979 .fusion-form-field.focused.fusion-form-upload-field .fusion-form-upload-field,.fusion-form-form-wrapper .fusion-form-2979 .fusion-form-field .fusion-form-radio input:checked + label:before,.fusion-form-form-wrapper .fusion-form-2979 .fusion-form-field .fusion-form-radio input:hover + label:before,.fusion-form-form-wrapper .fusion-form-2979 .fusion-form-field .fusion-form-checkbox input:checked + label:before,.fusion-form-form-wrapper .fusion-form-2979 .fusion-form-field .fusion-form-checkbox input:hover + label:before,.fusion-form-form-wrapper .fusion-form-2979 .fusion-form-field .fusion-form-image-select .fusion-form-input:checked + label,.fusion-form-form-wrapper .fusion-form-2979 .fusion-form-field .fusion-form-image-select .fusion-form-input:hover + label,.fusion-form-form-wrapper .fusion-form-2979 .fusion-form-field .fusion-form-checkbox input:focus + label:before,.fusion-form-form-wrapper .fusion-form-2979 .fusion-form-field .fusion-form-radio input:focus + label:before,.fusion-form-form-wrapper .fusion-form-2979 .fusion-form-field .fusion-form-image-select .fusion-form-input:focus + label{border-color:var(--awb-color7);}.fusion-form-form-wrapper .fusion-form-2979 .fusion-form-field .fusion-form-radio input:hover:not(:checked) + label:before,.fusion-form-form-wrapper .fusion-form-2979 .fusion-form-field .fusion-form-checkbox input:hover:not(:checked) + label:before,.fusion-form-form-wrapper .fusion-form-2979 .fusion-form-field .fusion-form-image-select .fusion-form-input:hover:not(:checked) + label,.fusion-form-form-wrapper .fusion-form-2979 .fusion-form-field .fusion-form-upload-field-container:hover .fusion-form-upload-field,.fusion-form-form-wrapper .fusion-form-2979 .fusion-form-field .fusion-form-range-field-container .fusion-form-range-value:hover:not(:focus),.fusion-form-form-wrapper .fusion-form-2979 .fusion-form-field .fusion-form-input:hover:not(:focus){border-color:hsla(var(--awb-color7-h),var(--awb-color7-s),var(--awb-color7-l),calc(var(--awb-color7-a) - 50%));}.fusion-form-form-wrapper .fusion-form-2979 label, .fusion-form-form-wrapper .fusion-form-2979 .label,.fusion-form-form-wrapper .fusion-form-2979 .fusion-form-tooltip > i,.fusion-form-form-wrapper .fusion-form-2979 .fusion-form-field .fusion-form-rating-area .fusion-form-input:checked ~ label i{color:var(--awb-color7);}.fusion-form-form-wrapper .fusion-form-2979 .fusion-form-field .fusion-form-rating-area .fusion-form-input:checked:hover ~ label i,.fusion-form-form-wrapper .fusion-form-2979 .fusion-form-field .fusion-form-rating-area .fusion-form-rating-icon:hover i,.fusion-form-form-wrapper .fusion-form-2979 .fusion-form-field .fusion-form-rating-area .fusion-form-rating-icon:hover ~ label i,.fusion-form-form-wrapper .fusion-form-2979 .fusion-form-field .fusion-form-rating-area .fusion-form-input:hover ~ label i{color:hsla(var(--awb-color7-h),var(--awb-color7-s),var(--awb-color7-l),calc(var(--awb-color7-a) - 50%));}.fusion-form-form-wrapper .fusion-form-2979 .fusion-form-field .fusion-form-checkbox input:checked + label:after,.fusion-form-form-wrapper .fusion-form-2979 .fusion-form-field .fusion-form-radio input:checked + label:after{background:var(--awb-color7);}.fusion-form-form-wrapper .fusion-form-2979 .fusion-form-field input[type=range]::-webkit-slider-thumb{background:var(--awb-color7);}.fusion-form-form-wrapper .fusion-form-2979 .fusion-form-field input[type=range]::-moz-range-thumb{background:var(--awb-color7);}<\/style><div class=\"fusion-form fusion-form-builder fusion-form-form-wrapper fusion-form-2979\" data-form-id=\"2979\" data-config=\"{&quot;form_id&quot;:2979,&quot;form_post_id&quot;:2979,&quot;post_id&quot;:2811,&quot;form_type&quot;:&quot;ajax&quot;,&quot;confirmation_type&quot;:&quot;redirect&quot;,&quot;redirect_url&quot;:&quot;https:\\\/\\\/tantalexlithium.com\\\/thanks\\\/&quot;,&quot;field_labels&quot;:{&quot;name&quot;:&quot;&quot;,&quot;position&quot;:&quot;&quot;,&quot;company&quot;:&quot;&quot;,&quot;phone-number&quot;:&quot;&quot;,&quot;email&quot;:&quot;&quot;,&quot;commentaires&quot;:&quot;commentaires&quot;},&quot;field_logics&quot;:{&quot;name&quot;:&quot;&quot;,&quot;position&quot;:&quot;&quot;,&quot;company&quot;:&quot;&quot;,&quot;phone-number&quot;:&quot;&quot;,&quot;email&quot;:&quot;&quot;,&quot;commentaires&quot;:&quot;&quot;},&quot;nonce_method&quot;:&quot;ajax&quot;}\"><form action=\"https:\/\/tantalexlithium.com\/fr\/sinscrire\/\" method=\"post\" class=\"fusion-form fusion-form-2979\"><div class=\"fusion-fullwidth fullwidth-box fusion-builder-row-3-1 fusion-flex-container nonhundred-percent-fullwidth non-hundred-percent-height-scrolling\" style=\"background-color: rgba(255,255,255,0);background-position: center center;background-repeat: no-repeat;border-width: 0px 0px 0px 0px;border-color:var(--awb-color3);border-style:solid;\" ><div class=\"fusion-builder-row fusion-row fusion-flex-align-items-flex-start\" style=\"width:104% !important;max-width:104% !important;margin-left: calc(-4% \/ 2 );margin-right: calc(-4% \/ 2 );\"><div class=\"fusion-layout-column fusion_builder_column fusion-builder-column-5 fusion_builder_column_1_1 1_1 fusion-flex-column\"><div class=\"fusion-column-wrapper fusion-flex-justify-content-flex-start fusion-content-layout-column\" style=\"background-position:left top;background-repeat:no-repeat;-webkit-background-size:cover;-moz-background-size:cover;-o-background-size:cover;background-size:cover;padding: 0px 0px 0px 0px;\"><div class=\"fusion-form-field fusion-form-text-field fusion-form-label-above\" data-form-id=\"2979\"><input type=\"text\" name=\"name\" id=\"name\" value=\"\"  class=\"fusion-form-input\" required=\"true\" aria-required=\"true\" placeholder=\"Ton nom complet*\" data-holds-private-data=\"false\" minlength=\"0\"\/><\/div><div class=\"fusion-form-field fusion-form-text-field fusion-form-label-above\" data-form-id=\"2979\"><input type=\"text\" name=\"position\" id=\"position\" value=\"\"  class=\"fusion-form-input\" placeholder=\"Ta position\" data-holds-private-data=\"false\" minlength=\"0\"\/><\/div><div class=\"fusion-form-field fusion-form-text-field fusion-form-label-above\" data-form-id=\"2979\"><input type=\"text\" name=\"company\" id=\"company\" value=\"\"  class=\"fusion-form-input\" placeholder=\"Compagnie\" data-holds-private-data=\"false\" minlength=\"0\"\/><\/div><div class=\"fusion-form-field fusion-form-text-field fusion-form-label-above\" data-form-id=\"2979\"><input type=\"text\" name=\"phone-number\" id=\"phone-number\" value=\"\"  class=\"fusion-form-input\" placeholder=\"Num\u00e9ro de t\u00e9l\u00e9phone\" data-holds-private-data=\"false\" minlength=\"0\"\/><\/div><div class=\"fusion-form-field fusion-form-email-field fusion-form-label-above\" data-form-id=\"2979\"><input type=\"email\" name=\"email\" id=\"email\" value=\"\"  class=\"fusion-form-input\" required=\"true\" aria-required=\"true\" placeholder=\"E-mail*\" data-holds-private-data=\"false\"\/><\/div><div class=\"fusion-form-field fusion-form-textarea-field fusion-form-label-above\" data-form-id=\"2979\"><label for=\"commentaires\">commentaires<\/label><textarea cols=\"40\"  minlength=\"0\"  rows=\"4\" tabindex=\"\" id=\"commentaires\" name=\"commentaires\" class=\"fusion-form-input\" data-holds-private-data=\"false\"><\/textarea><\/div><div class=\"fusion-form-field fusion-form-submit-field fusion-form-label-above\" data-form-id=\"2979\"><div ><style>.fusion-body .fusion-button.button-1{border-radius:0px 0px 0px 0px;}<\/style><button type=\"submit\" class=\"fusion-button button-flat button-medium button-default button-1 fusion-button-default-span  form-form-submit button-default\" data-form-number=\"2979\" tabindex=\"\"><span class=\"fusion-button-text\">SUBMIT<\/span><\/button><\/div><\/div><\/div><style type=\"text\/css\">.fusion-body .fusion-builder-column-5{width:100% !important;margin-top : 0px;margin-bottom : 20px;}.fusion-builder-column-5 > .fusion-column-wrapper {padding-top : 0px !important;padding-right : 0px !important;margin-right : 1.92%;padding-bottom : 0px !important;padding-left : 0px !important;margin-left : 1.92%;}@media only screen and (max-width:1024px) {.fusion-body .fusion-builder-column-5{width:100% !important;order : 0;}.fusion-builder-column-5 > .fusion-column-wrapper {margin-right : 1.92%;margin-left : 1.92%;}}@media only screen and (max-width:640px) {.fusion-body .fusion-builder-column-5{width:100% !important;order : 0;}.fusion-builder-column-5 > .fusion-column-wrapper {margin-right : 1.92%;margin-left : 1.92%;}}<\/style><\/div><\/div><style type=\"text\/css\">.fusion-body .fusion-flex-container.fusion-builder-row-3-1{ padding-top : 0px;margin-top : 0px;padding-right : 30px;padding-bottom : 0px;margin-bottom : 0px;padding-left : 30px;}<\/style><\/div><input type=\"hidden\" name=\"fusion_privacy_store_ip_ua\" value=\"false\"><input type=\"hidden\" name=\"fusion_privacy_expiration_interval\" value=\"48\"><input type=\"hidden\" name=\"privacy_expiration_action\" value=\"anonymize\"><\/form><\/div><\/div><style type=\"text\/css\">.fusion-body .fusion-builder-column-4{width:60% !important;margin-top : 0px;margin-bottom : 20px;}.fusion-builder-column-4 > .fusion-column-wrapper {padding-top : 0px !important;padding-right : 0px !important;margin-right : 3.2%;padding-bottom : 0px !important;padding-left : 0px !important;margin-left : 3.2%;}@media only screen and (max-width:1024px) {.fusion-body .fusion-builder-column-4{width:60% !important;order : 0;}.fusion-builder-column-4 > .fusion-column-wrapper {margin-right : 3.2%;margin-left : 3.2%;}}@media only screen and (max-width:640px) {.fusion-body .fusion-builder-column-4{width:100% !important;order : 0;}.fusion-builder-column-4 > .fusion-column-wrapper {margin-right : 1.92%;margin-left : 1.92%;}}<\/style><\/div><div class=\"fusion-layout-column fusion_builder_column fusion-builder-column-6 fusion_builder_column_1_5 1_5 fusion-flex-column\"><div class=\"fusion-column-wrapper fusion-flex-justify-content-flex-start fusion-content-layout-column\" style=\"background-position:left top;background-repeat:no-repeat;-webkit-background-size:cover;-moz-background-size:cover;-o-background-size:cover;background-size:cover;padding: 0px 0px 0px 0px;\"><\/div><style type=\"text\/css\">.fusion-body .fusion-builder-column-6{width:20% !important;margin-top : 0px;margin-bottom : 20px;}.fusion-builder-column-6 > .fusion-column-wrapper {padding-top : 0px !important;padding-right : 0px !important;margin-right : 9.6%;padding-bottom : 0px !important;padding-left : 0px !important;margin-left : 9.6%;}@media only screen and (max-width:1024px) {.fusion-body .fusion-builder-column-6{width:20% !important;order : 0;}.fusion-builder-column-6 > .fusion-column-wrapper {margin-right : 9.6%;margin-left : 9.6%;}}@media only screen and (max-width:640px) {.fusion-body .fusion-builder-column-6{width:100% !important;order : 0;}.fusion-builder-column-6 > .fusion-column-wrapper {margin-right : 1.92%;margin-left : 1.92%;}}<\/style><\/div><\/div><style type=\"text\/css\">.fusion-body .fusion-flex-container.fusion-builder-row-3{ padding-top : 0px;margin-top : 0px;padding-right : 30px;padding-bottom : 0px;margin-bottom : 100px;padding-left : 30px;}<\/style><\/div><\/p>\n","protected":false},"excerpt":{"rendered":"","protected":false},"author":1,"featured_media":0,"parent":0,"menu_order":0,"comment_status":"closed","ping_status":"closed","template":"","meta":[],"_links":{"self":[{"href":"https:\/\/tantalexlithium.com\/fr\/wp-json\/wp\/v2\/pages\/2811"}],"collection":[{"href":"https:\/\/tantalexlithium.com\/fr\/wp-json\/wp\/v2\/pages"}],"about":[{"href":"https:\/\/tantalexlithium.com\/fr\/wp-json\/wp\/v2\/types\/page"}],"author":[{"embeddable":true,"href":"https:\/\/tantalexlithium.com\/fr\/wp-json\/wp\/v2\/users\/1"}],"replies":[{"embeddable":true,"href":"https:\/\/tantalexlithium.com\/fr\/wp-json\/wp\/v2\/comments?post=2811"}],"version-history":[{"count":1,"href":"https:\/\/tantalexlithium.com\/fr\/wp-json\/wp\/v2\/pages\/2811\/revisions"}],"predecessor-version":[{"id":2972,"href":"https:\/\/tantalexlithium.com\/fr\/wp-json\/wp\/v2\/pages\/2811\/revisions\/2972"}],"wp:attachment":[{"href":"https:\/\/tantalexlithium.com\/fr\/wp-json\/wp\/v2\/media?parent=2811"}],"curies":[{"name":"wp","href":"https:\/\/api.w.org\/{rel}","templated":true}]}}