{"id":2801,"date":"2022-03-25T05:38:27","date_gmt":"2022-03-25T05:38:27","guid":{"rendered":"https:\/\/tantalexlithium.com\/management\/"},"modified":"2024-12-17T20:08:20","modified_gmt":"2024-12-17T20:08:20","slug":"membres-de-la-direction","status":"publish","type":"page","link":"https:\/\/tantalexlithium.com\/fr\/membres-de-la-direction\/","title":{"rendered":"Membres de la direction"},"content":{"rendered":"<p><div class=\"fusion-fullwidth fullwidth-box fusion-builder-row-1 fusion-flex-container video-background nonhundred-percent-fullwidth non-hundred-percent-height-scrolling\" style=\"background-color: rgba(255,255,255,0);background-position: center center;background-repeat: no-repeat;border-width: 0px 0px 0px 0px;border-color:var(--awb-color3);border-style:solid;\" ><div class=\"fullwidth-video\"><video preload=\"auto\" autoplay playsinline loop muted><source src=\"https:\/\/tantalexlithium.com\/wp-content\/uploads\/2022\/04\/tantalex-header-background.mp4\" type=\"video\/mp4\"><\/video><\/div><div class=\"fullwidth-overlay\" style=\"background-color:rgba(255,255,255,0);\"><\/div><div class=\"fusion-builder-row fusion-row fusion-flex-align-items-flex-start\" style=\"max-width:104%;margin-left: calc(-4% \/ 2 );margin-right: calc(-4% \/ 2 );\"><div class=\"fusion-layout-column fusion_builder_column fusion-builder-column-0 fusion_builder_column_1_1 1_1 fusion-flex-column\"><div class=\"fusion-column-wrapper fusion-flex-justify-content-flex-start fusion-content-layout-column fusion-empty-dims-bg-image\" style=\"background-image: url(&#039;https:\/\/tantalexlithium.com\/wp-content\/uploads\/2022\/04\/tantalex-header-background-1.mp4&#039;);background-position:left top;background-repeat:no-repeat;-webkit-background-size:cover;-moz-background-size:cover;-o-background-size:cover;background-size:cover;padding: 80px 0px 80px 0px;\" data-bg-url=\"https:\/\/tantalexlithium.com\/wp-content\/uploads\/2022\/04\/tantalex-header-background-1.mp4\"><style type=\"text\/css\">@media only screen and (max-width:1024px) {.fusion-title.fusion-title-1{margin-top:10px!important; margin-right:0px!important;margin-bottom:15px!important;margin-left:0px!important;}}@media only screen and (max-width:640px) {.fusion-title.fusion-title-1{margin-top:10px!important; margin-right:0px!important;margin-bottom:10px!important; margin-left:0px!important;}}<\/style><div class=\"fusion-title title fusion-title-1 fusion-sep-none fusion-title-center fusion-title-text fusion-title-size-two\" style=\"margin-top:10px;margin-right:0px;margin-bottom:15px;margin-left:0px;\"><h2 class=\"title-heading-center\" style=\"margin:0;color:var(--awb-color1);\">Membres de la direction<\/h2><\/div><\/div><style type=\"text\/css\">.fusion-body .fusion-builder-column-0{width:100% !important;margin-top : 0px;margin-bottom : 0px;}.fusion-builder-column-0 > .fusion-column-wrapper {padding-top : 80px !important;padding-right : 0px !important;margin-right : 1.92%;padding-bottom : 80px !important;padding-left : 0px !important;margin-left : 1.92%;}@media only screen and (max-width:1024px) {.fusion-body .fusion-builder-column-0{width:100% !important;order : 0;}.fusion-builder-column-0 > .fusion-column-wrapper {margin-right : 1.92%;margin-left : 1.92%;}}@media only screen and (min-width:1024px) {.fusion-body .fusion-builder-column-0 .fusion-empty-dims-img-placeholder { display: none; } }@media only screen and (max-width:640px) {.fusion-body .fusion-builder-column-0{width:100% !important;order : 0;}.fusion-builder-column-0 > .fusion-column-wrapper {margin-right : 1.92%;margin-left : 1.92%;}}<\/style><\/div><\/div><style type=\"text\/css\">.fusion-body .fusion-flex-container.fusion-builder-row-1{ padding-top : 0px;margin-top : 0px;padding-right : 30px;padding-bottom : 0px;margin-bottom : 0px;padding-left : 30px;}<\/style><\/div><div class=\"fusion-fullwidth fullwidth-box fusion-builder-row-2 fusion-flex-container nonhundred-percent-fullwidth non-hundred-percent-height-scrolling fusion-no-medium-visibility fusion-no-large-visibility\" style=\"background-color: rgba(255,255,255,0);background-position: center center;background-repeat: no-repeat;border-width: 0px 0px 0px 0px;border-color:var(--awb-color3);border-style:solid;\" ><div class=\"fusion-builder-row fusion-row fusion-flex-align-items-flex-start\" style=\"max-width:calc( 100% + 15px );margin-left: calc(-15px \/ 2 );margin-right: calc(-15px \/ 2 );\"><div class=\"fusion-layout-column fusion_builder_column fusion-builder-column-1 fusion_builder_column_1_3 1_3 fusion-flex-column\"><div class=\"fusion-column-wrapper fusion-flex-justify-content-flex-start fusion-content-layout-column\" style=\"background-position:left top;background-repeat:no-repeat;-webkit-background-size:cover;-moz-background-size:cover;-o-background-size:cover;background-size:cover;padding: 0px 0px 0px 0px;\"><div class=\"fusion-image-carousel fusion-image-carousel-auto fusion-image-carousel-1\"><div class=\"fusion-carousel\" data-autoplay=\"no\" data-columns=\"3\" data-itemmargin=\"10\" data-itemwidth=\"180\" data-touchscroll=\"no\" data-imagesize=\"auto\" data-scrollitems=\"1\"><div class=\"fusion-carousel-positioner\"><ul class=\"fusion-carousel-holder\"><li class=\"fusion-carousel-item\"><div class=\"fusion-carousel-item-wrapper\"><div class=\"fusion-image-wrapper awb-imageframe-style awb-imageframe-style-dario\"><a href=\"https:\/\/tantalexlithium.com\/fr\/kyle-appleby\/\" target=\"_self\"><img width=\"820\" height=\"860\" src=\"https:\/\/tantalexlithium.com\/wp-content\/uploads\/2022\/04\/Kyle-Appleby.jpg\" class=\"attachment-full size-full\" alt=\"\" srcset=\"https:\/\/tantalexlithium.com\/wp-content\/uploads\/2022\/04\/Kyle-Appleby-200x210.jpg 200w, https:\/\/tantalexlithium.com\/wp-content\/uploads\/2022\/04\/Kyle-Appleby-286x300.jpg 286w, https:\/\/tantalexlithium.com\/wp-content\/uploads\/2022\/04\/Kyle-Appleby-400x420.jpg 400w, https:\/\/tantalexlithium.com\/wp-content\/uploads\/2022\/04\/Kyle-Appleby-600x629.jpg 600w, https:\/\/tantalexlithium.com\/wp-content\/uploads\/2022\/04\/Kyle-Appleby-768x805.jpg 768w, https:\/\/tantalexlithium.com\/wp-content\/uploads\/2022\/04\/Kyle-Appleby-800x839.jpg 800w, https:\/\/tantalexlithium.com\/wp-content\/uploads\/2022\/04\/Kyle-Appleby.jpg 820w\" sizes=\"(max-width: 820px) 100vw, 820px\" \/><div class=\"awb-imageframe-caption-container\"><div class=\"awb-imageframe-caption\"><h3 class=\"awb-imageframe-caption-title\">Kyle Appleby<\/h3><p class=\"awb-imageframe-caption-text\">Directeur financier<\/p><\/div><\/div><\/a><\/div><\/div><\/li><\/ul><\/div><\/div><\/div><style type=\"text\/css\">.fusion-image-carousel.fusion-image-carousel-1 .awb-imageframe-caption-container .awb-imageframe-caption-title{color:#ffffff !important;font-size:20px !important;font-family:\"Playfair Display\" !important;font-weight:600 !important;text-transform:uppercase !important;}.fusion-image-carousel.fusion-image-carousel-1 .awb-imageframe-caption-container .awb-imageframe-caption-text{color:#ffffff;font-size:18px;font-family:\"Poppins\";font-weight:400;text-transform:uppercase;letter-spacing:;}.fusion-image-carousel.fusion-image-carousel-1 .awb-imageframe-caption .awb-imageframe-caption-title:after{background:#ffffff;}.fusion-image-carousel.fusion-image-carousel-1 .awb-imageframe-style{background:#000000;}<\/style><\/div><style type=\"text\/css\">.fusion-body .fusion-builder-column-1{width:33.333333333333% !important;margin-top : 0px;margin-bottom : 20px;}.fusion-builder-column-1 > .fusion-column-wrapper {padding-top : 0px !important;padding-right : 0px !important;margin-right : 7.5px;padding-bottom : 0px !important;padding-left : 0px !important;margin-left : 7.5px;}@media only screen and (max-width:1024px) {.fusion-body .fusion-builder-column-1{width:33.333333333333% !important;order : 0;}.fusion-builder-column-1 > .fusion-column-wrapper {margin-right : 7.5px;margin-left : 7.5px;}}@media only screen and (max-width:640px) {.fusion-body .fusion-builder-column-1{width:100% !important;order : 0;}.fusion-builder-column-1 > .fusion-column-wrapper {margin-right : 7.5px;margin-left : 7.5px;}}<\/style><\/div><div class=\"fusion-layout-column fusion_builder_column fusion-builder-column-2 fusion_builder_column_1_3 1_3 fusion-flex-column\"><div class=\"fusion-column-wrapper fusion-flex-justify-content-flex-start fusion-content-layout-column\" style=\"background-position:left top;background-repeat:no-repeat;-webkit-background-size:cover;-moz-background-size:cover;-o-background-size:cover;background-size:cover;padding: 0px 0px 0px 0px;\"><div class=\"fusion-image-carousel fusion-image-carousel-auto fusion-image-carousel-2\"><div class=\"fusion-carousel\" data-autoplay=\"no\" data-columns=\"3\" data-itemmargin=\"10\" data-itemwidth=\"180\" data-touchscroll=\"no\" data-imagesize=\"auto\" data-scrollitems=\"1\"><div class=\"fusion-carousel-positioner\"><ul class=\"fusion-carousel-holder\"><li class=\"fusion-carousel-item\"><div class=\"fusion-carousel-item-wrapper\"><div class=\"fusion-image-wrapper awb-imageframe-style awb-imageframe-style-dario\"><a href=\"https:\/\/tantalexlithium.com\/fr\/michel-lebeuf\/\" target=\"_self\"><img width=\"820\" height=\"860\" src=\"https:\/\/tantalexlithium.com\/wp-content\/uploads\/2022\/06\/MICHEL-LEBEUF-2.jpg\" class=\"attachment-full size-full\" alt=\"\" srcset=\"https:\/\/tantalexlithium.com\/wp-content\/uploads\/2022\/06\/MICHEL-LEBEUF-2-200x210.jpg 200w, https:\/\/tantalexlithium.com\/wp-content\/uploads\/2022\/06\/MICHEL-LEBEUF-2-286x300.jpg 286w, https:\/\/tantalexlithium.com\/wp-content\/uploads\/2022\/06\/MICHEL-LEBEUF-2-400x420.jpg 400w, https:\/\/tantalexlithium.com\/wp-content\/uploads\/2022\/06\/MICHEL-LEBEUF-2-600x629.jpg 600w, https:\/\/tantalexlithium.com\/wp-content\/uploads\/2022\/06\/MICHEL-LEBEUF-2-768x805.jpg 768w, https:\/\/tantalexlithium.com\/wp-content\/uploads\/2022\/06\/MICHEL-LEBEUF-2-800x839.jpg 800w, https:\/\/tantalexlithium.com\/wp-content\/uploads\/2022\/06\/MICHEL-LEBEUF-2.jpg 820w\" sizes=\"(max-width: 820px) 100vw, 820px\" \/><div class=\"awb-imageframe-caption-container\"><div class=\"awb-imageframe-caption\"><h3 class=\"awb-imageframe-caption-title\">Michel Lebeuf<\/h3><p class=\"awb-imageframe-caption-text\">Secr\u00e9taire g\u00e9n\u00e9ral<\/p><\/div><\/div><\/a><\/div><\/div><\/li><\/ul><\/div><\/div><\/div><style type=\"text\/css\">.fusion-image-carousel.fusion-image-carousel-2 .awb-imageframe-caption-container .awb-imageframe-caption-title{color:#ffffff !important;font-size:20px !important;font-family:\"Playfair Display\" !important;font-weight:600 !important;text-transform:uppercase !important;}.fusion-image-carousel.fusion-image-carousel-2 .awb-imageframe-caption-container .awb-imageframe-caption-text{color:#ffffff;font-size:18px;font-family:\"Poppins\";font-weight:400;text-transform:uppercase;letter-spacing:;}.fusion-image-carousel.fusion-image-carousel-2 .awb-imageframe-caption .awb-imageframe-caption-title:after{background:#ffffff;}.fusion-image-carousel.fusion-image-carousel-2 .awb-imageframe-style{background:#000000;}<\/style><\/div><style type=\"text\/css\">.fusion-body .fusion-builder-column-2{width:33.333333333333% !important;margin-top : 0px;margin-bottom : 20px;}.fusion-builder-column-2 > .fusion-column-wrapper {padding-top : 0px !important;padding-right : 0px !important;margin-right : 7.5px;padding-bottom : 0px !important;padding-left : 0px !important;margin-left : 7.5px;}@media only screen and (max-width:1024px) {.fusion-body .fusion-builder-column-2{width:33.333333333333% !important;order : 0;}.fusion-builder-column-2 > .fusion-column-wrapper {margin-right : 7.5px;margin-left : 7.5px;}}@media only screen and (max-width:640px) {.fusion-body .fusion-builder-column-2{width:100% !important;order : 0;}.fusion-builder-column-2 > .fusion-column-wrapper {margin-right : 7.5px;margin-left : 7.5px;}}<\/style><\/div><\/div><style type=\"text\/css\">.fusion-body .fusion-flex-container.fusion-builder-row-2{ padding-top : 0px;margin-top : 50px;padding-right : 50px;padding-bottom : 0px;margin-bottom : 0px;padding-left : 50px;}<\/style><\/div><div class=\"fusion-fullwidth fullwidth-box fusion-builder-row-3 fusion-flex-container nonhundred-percent-fullwidth non-hundred-percent-height-scrolling fusion-no-small-visibility\" style=\"background-color: rgba(255,255,255,0);background-position: center center;background-repeat: no-repeat;border-width: 0px 0px 0px 0px;border-color:var(--awb-color3);border-style:solid;\" ><div class=\"fusion-builder-row fusion-row fusion-flex-align-items-flex-start\" style=\"max-width:calc( 100% + 15px );margin-left: calc(-15px \/ 2 );margin-right: calc(-15px \/ 2 );\"><div class=\"fusion-layout-column fusion_builder_column fusion-builder-column-3 fusion_builder_column_1_3 1_3 fusion-flex-column\"><div class=\"fusion-column-wrapper fusion-flex-justify-content-flex-start fusion-content-layout-column\" style=\"background-position:left top;background-repeat:no-repeat;-webkit-background-size:cover;-moz-background-size:cover;-o-background-size:cover;background-size:cover;padding: 0px 0px 0px 0px;\"><div class=\"fusion-image-carousel fusion-image-carousel-auto fusion-image-carousel-3\"><div class=\"fusion-carousel\" data-autoplay=\"no\" data-columns=\"3\" data-itemmargin=\"10\" data-itemwidth=\"180\" data-touchscroll=\"no\" data-imagesize=\"auto\" data-scrollitems=\"1\"><div class=\"fusion-carousel-positioner\"><ul class=\"fusion-carousel-holder\"><li class=\"fusion-carousel-item\"><div class=\"fusion-carousel-item-wrapper\"><div class=\"fusion-image-wrapper awb-imageframe-style awb-imageframe-style-dario\"><a href=\"https:\/\/tantalexlithium.com\/fr\/kyle-appleby\/\" target=\"_self\"><img width=\"820\" height=\"860\" src=\"https:\/\/tantalexlithium.com\/wp-content\/uploads\/2022\/04\/Kyle-Appleby.jpg\" class=\"attachment-full size-full\" alt=\"\" srcset=\"https:\/\/tantalexlithium.com\/wp-content\/uploads\/2022\/04\/Kyle-Appleby-200x210.jpg 200w, https:\/\/tantalexlithium.com\/wp-content\/uploads\/2022\/04\/Kyle-Appleby-286x300.jpg 286w, https:\/\/tantalexlithium.com\/wp-content\/uploads\/2022\/04\/Kyle-Appleby-400x420.jpg 400w, https:\/\/tantalexlithium.com\/wp-content\/uploads\/2022\/04\/Kyle-Appleby-600x629.jpg 600w, https:\/\/tantalexlithium.com\/wp-content\/uploads\/2022\/04\/Kyle-Appleby-768x805.jpg 768w, https:\/\/tantalexlithium.com\/wp-content\/uploads\/2022\/04\/Kyle-Appleby-800x839.jpg 800w, https:\/\/tantalexlithium.com\/wp-content\/uploads\/2022\/04\/Kyle-Appleby.jpg 820w\" sizes=\"(max-width: 820px) 100vw, 820px\" \/><div class=\"awb-imageframe-caption-container\"><div class=\"awb-imageframe-caption\"><h3 class=\"awb-imageframe-caption-title\">Kyle Appleby<\/h3><p class=\"awb-imageframe-caption-text\">Directeur financier<\/p><\/div><\/div><\/a><\/div><\/div><\/li><\/ul><\/div><\/div><\/div><style type=\"text\/css\">.fusion-image-carousel.fusion-image-carousel-3 .awb-imageframe-caption-container .awb-imageframe-caption-title{color:#ffffff !important;font-size:25px !important;font-family:\"Playfair Display\" !important;font-weight:600 !important;text-transform:uppercase !important;}.fusion-image-carousel.fusion-image-carousel-3 .awb-imageframe-caption-container .awb-imageframe-caption-text{color:#ffffff;font-size:20px;font-family:\"Poppins\";font-weight:400;text-transform:uppercase;letter-spacing:;}.fusion-image-carousel.fusion-image-carousel-3 .awb-imageframe-caption .awb-imageframe-caption-title:after{background:#ffffff;}.fusion-image-carousel.fusion-image-carousel-3 .awb-imageframe-style{background:#000000;}<\/style><\/div><style type=\"text\/css\">.fusion-body .fusion-builder-column-3{width:33.333333333333% !important;margin-top : 0px;margin-bottom : 20px;}.fusion-builder-column-3 > .fusion-column-wrapper {padding-top : 0px !important;padding-right : 0px !important;margin-right : 7.5px;padding-bottom : 0px !important;padding-left : 0px !important;margin-left : 7.5px;}@media only screen and (max-width:1024px) {.fusion-body .fusion-builder-column-3{width:33.333333333333% !important;order : 0;}.fusion-builder-column-3 > .fusion-column-wrapper {margin-right : 7.5px;margin-left : 7.5px;}}@media only screen and (max-width:640px) {.fusion-body .fusion-builder-column-3{width:100% !important;order : 0;}.fusion-builder-column-3 > .fusion-column-wrapper {margin-right : 7.5px;margin-left : 7.5px;}}<\/style><\/div><div class=\"fusion-layout-column fusion_builder_column fusion-builder-column-4 fusion_builder_column_1_3 1_3 fusion-flex-column\"><div class=\"fusion-column-wrapper fusion-flex-justify-content-flex-start fusion-content-layout-column\" style=\"background-position:left top;background-repeat:no-repeat;-webkit-background-size:cover;-moz-background-size:cover;-o-background-size:cover;background-size:cover;padding: 0px 0px 0px 0px;\"><div class=\"fusion-image-carousel fusion-image-carousel-auto fusion-image-carousel-4\"><div class=\"fusion-carousel\" data-autoplay=\"no\" data-columns=\"3\" data-itemmargin=\"10\" data-itemwidth=\"180\" data-touchscroll=\"no\" data-imagesize=\"auto\" data-scrollitems=\"1\"><div class=\"fusion-carousel-positioner\"><ul class=\"fusion-carousel-holder\"><li class=\"fusion-carousel-item\"><div class=\"fusion-carousel-item-wrapper\"><div class=\"fusion-image-wrapper awb-imageframe-style awb-imageframe-style-dario\"><a href=\"https:\/\/tantalexlithium.com\/fr\/michel-lebeuf\/\" target=\"_self\"><img width=\"820\" height=\"860\" src=\"https:\/\/tantalexlithium.com\/wp-content\/uploads\/2022\/06\/MICHEL-LEBEUF-2.jpg\" class=\"attachment-full size-full\" alt=\"\" srcset=\"https:\/\/tantalexlithium.com\/wp-content\/uploads\/2022\/06\/MICHEL-LEBEUF-2-200x210.jpg 200w, https:\/\/tantalexlithium.com\/wp-content\/uploads\/2022\/06\/MICHEL-LEBEUF-2-286x300.jpg 286w, https:\/\/tantalexlithium.com\/wp-content\/uploads\/2022\/06\/MICHEL-LEBEUF-2-400x420.jpg 400w, https:\/\/tantalexlithium.com\/wp-content\/uploads\/2022\/06\/MICHEL-LEBEUF-2-600x629.jpg 600w, https:\/\/tantalexlithium.com\/wp-content\/uploads\/2022\/06\/MICHEL-LEBEUF-2-768x805.jpg 768w, https:\/\/tantalexlithium.com\/wp-content\/uploads\/2022\/06\/MICHEL-LEBEUF-2-800x839.jpg 800w, https:\/\/tantalexlithium.com\/wp-content\/uploads\/2022\/06\/MICHEL-LEBEUF-2.jpg 820w\" sizes=\"(max-width: 820px) 100vw, 820px\" \/><div class=\"awb-imageframe-caption-container\"><div class=\"awb-imageframe-caption\"><h3 class=\"awb-imageframe-caption-title\">Michel Lebeuf<\/h3><p class=\"awb-imageframe-caption-text\">Secr\u00e9taire g\u00e9n\u00e9ral<\/p><\/div><\/div><\/a><\/div><\/div><\/li><\/ul><\/div><\/div><\/div><style type=\"text\/css\">.fusion-image-carousel.fusion-image-carousel-4 .awb-imageframe-caption-container .awb-imageframe-caption-title{color:#ffffff !important;font-size:25px !important;font-family:\"Playfair Display\" !important;font-weight:600 !important;text-transform:uppercase !important;}.fusion-image-carousel.fusion-image-carousel-4 .awb-imageframe-caption-container .awb-imageframe-caption-text{color:#ffffff;font-size:20px;font-family:\"Poppins\";font-weight:400;text-transform:uppercase;letter-spacing:;}.fusion-image-carousel.fusion-image-carousel-4 .awb-imageframe-caption .awb-imageframe-caption-title:after{background:#ffffff;}.fusion-image-carousel.fusion-image-carousel-4 .awb-imageframe-style{background:#000000;}<\/style><\/div><style type=\"text\/css\">.fusion-body .fusion-builder-column-4{width:33.333333333333% !important;margin-top : 0px;margin-bottom : 20px;}.fusion-builder-column-4 > .fusion-column-wrapper {padding-top : 0px !important;padding-right : 0px !important;margin-right : 7.5px;padding-bottom : 0px !important;padding-left : 0px !important;margin-left : 7.5px;}@media only screen and (max-width:1024px) {.fusion-body .fusion-builder-column-4{width:33.333333333333% !important;order : 0;}.fusion-builder-column-4 > .fusion-column-wrapper {margin-right : 7.5px;margin-left : 7.5px;}}@media only screen and (max-width:640px) {.fusion-body .fusion-builder-column-4{width:100% !important;order : 0;}.fusion-builder-column-4 > .fusion-column-wrapper {margin-right : 7.5px;margin-left : 7.5px;}}<\/style><\/div><\/div><style type=\"text\/css\">.fusion-body .fusion-flex-container.fusion-builder-row-3{ padding-top : 0px;margin-top : 50px;padding-right : 50px;padding-bottom : 0px;margin-bottom : 0px;padding-left : 50px;}<\/style><\/div><div class=\"fusion-fullwidth fullwidth-box fusion-builder-row-4 fusion-flex-container nonhundred-percent-fullwidth non-hundred-percent-height-scrolling fusion-no-small-visibility\" style=\"background-color: rgba(255,255,255,0);background-position: center center;background-repeat: no-repeat;border-width: 0px 0px 0px 0px;border-color:var(--awb-color3);border-style:solid;\" ><div class=\"fusion-builder-row fusion-row fusion-flex-align-items-flex-start\" style=\"max-width:calc( 100% + 15px );margin-left: calc(-15px \/ 2 );margin-right: calc(-15px \/ 2 );\"><\/div><style type=\"text\/css\">.fusion-body .fusion-flex-container.fusion-builder-row-4{ padding-top : 0px;margin-top : -65px;padding-right : 50px;padding-bottom : 0px;margin-bottom : 100px;padding-left : 50px;}<\/style><\/div><\/p>\n","protected":false},"excerpt":{"rendered":"","protected":false},"author":1,"featured_media":0,"parent":0,"menu_order":0,"comment_status":"closed","ping_status":"closed","template":"","meta":[],"_links":{"self":[{"href":"https:\/\/tantalexlithium.com\/fr\/wp-json\/wp\/v2\/pages\/2801"}],"collection":[{"href":"https:\/\/tantalexlithium.com\/fr\/wp-json\/wp\/v2\/pages"}],"about":[{"href":"https:\/\/tantalexlithium.com\/fr\/wp-json\/wp\/v2\/types\/page"}],"author":[{"embeddable":true,"href":"https:\/\/tantalexlithium.com\/fr\/wp-json\/wp\/v2\/users\/1"}],"replies":[{"embeddable":true,"href":"https:\/\/tantalexlithium.com\/fr\/wp-json\/wp\/v2\/comments?post=2801"}],"version-history":[{"count":8,"href":"https:\/\/tantalexlithium.com\/fr\/wp-json\/wp\/v2\/pages\/2801\/revisions"}],"predecessor-version":[{"id":3601,"href":"https:\/\/tantalexlithium.com\/fr\/wp-json\/wp\/v2\/pages\/2801\/revisions\/3601"}],"wp:attachment":[{"href":"https:\/\/tantalexlithium.com\/fr\/wp-json\/wp\/v2\/media?parent=2801"}],"curies":[{"name":"wp","href":"https:\/\/api.w.org\/{rel}","templated":true}]}}