{"id":2785,"date":"2022-03-25T05:37:36","date_gmt":"2022-03-25T05:37:36","guid":{"rendered":"https:\/\/tantalexlithium.com\/corporate-strategy\/"},"modified":"2022-11-29T10:36:52","modified_gmt":"2022-11-29T10:36:52","slug":"strategie-de-lentreprise","status":"publish","type":"page","link":"https:\/\/tantalexlithium.com\/fr\/strategie-de-lentreprise\/","title":{"rendered":"Strat\u00e9gie de l&rsquo;entreprise"},"content":{"rendered":"<p><div class=\"fusion-fullwidth fullwidth-box fusion-builder-row-1 fusion-flex-container video-background nonhundred-percent-fullwidth non-hundred-percent-height-scrolling\" style=\"background-color: rgba(255,255,255,0);background-position: center center;background-repeat: no-repeat;border-width: 0px 0px 0px 0px;border-color:var(--awb-color3);border-style:solid;\" ><div class=\"fullwidth-video\"><video preload=\"auto\" autoplay playsinline loop muted><source src=\"https:\/\/tantalexlithium.com\/wp-content\/uploads\/2022\/04\/tantalex-header-background.mp4\" type=\"video\/mp4\"><\/video><\/div><div class=\"fullwidth-overlay\" style=\"background-color:rgba(255,255,255,0);\"><\/div><div class=\"fusion-builder-row fusion-row fusion-flex-align-items-flex-start\" style=\"max-width:104%;margin-left: calc(-4% \/ 2 );margin-right: calc(-4% \/ 2 );\"><div class=\"fusion-layout-column fusion_builder_column fusion-builder-column-0 fusion_builder_column_1_1 1_1 fusion-flex-column\"><div class=\"fusion-column-wrapper fusion-flex-justify-content-flex-start fusion-content-layout-column fusion-empty-dims-bg-image\" style=\"background-image: url(&#039;https:\/\/tantalexlithium.com\/wp-content\/uploads\/2022\/04\/tantalex-header-background-1.mp4&#039;);background-position:left top;background-repeat:no-repeat;-webkit-background-size:cover;-moz-background-size:cover;-o-background-size:cover;background-size:cover;padding: 80px 0px 80px 0px;\" data-bg-url=\"https:\/\/tantalexlithium.com\/wp-content\/uploads\/2022\/04\/tantalex-header-background-1.mp4\"><style type=\"text\/css\">@media only screen and (max-width:1024px) {.fusion-title.fusion-title-1{margin-top:10px!important; margin-right:0px!important;margin-bottom:15px!important;margin-left:0px!important;}}@media only screen and (max-width:640px) {.fusion-title.fusion-title-1{margin-top:10px!important; margin-right:0px!important;margin-bottom:10px!important; margin-left:0px!important;}}<\/style><div class=\"fusion-title title fusion-title-1 fusion-sep-none fusion-title-center fusion-title-text fusion-title-size-two\" style=\"margin-top:10px;margin-right:0px;margin-bottom:15px;margin-left:0px;\"><h2 class=\"title-heading-center\" style=\"margin:0;color:var(--awb-color1);\">Strat\u00e9gie de l&rsquo;entreprise<\/h2><\/div><\/div><style type=\"text\/css\">.fusion-body .fusion-builder-column-0{width:100% !important;margin-top : 0px;margin-bottom : 0px;}.fusion-builder-column-0 > .fusion-column-wrapper {padding-top : 80px !important;padding-right : 0px !important;margin-right : 1.92%;padding-bottom : 80px !important;padding-left : 0px !important;margin-left : 1.92%;}@media only screen and (max-width:1024px) {.fusion-body .fusion-builder-column-0{width:100% !important;order : 0;}.fusion-builder-column-0 > .fusion-column-wrapper {margin-right : 1.92%;margin-left : 1.92%;}}@media only screen and (min-width:1024px) {.fusion-body .fusion-builder-column-0 .fusion-empty-dims-img-placeholder { display: none; } }@media only screen and (max-width:640px) {.fusion-body .fusion-builder-column-0{width:100% !important;order : 0;}.fusion-builder-column-0 > .fusion-column-wrapper {margin-right : 1.92%;margin-left : 1.92%;}}<\/style><\/div><\/div><style type=\"text\/css\">.fusion-body .fusion-flex-container.fusion-builder-row-1{ padding-top : 0px;margin-top : 0px;padding-right : 30px;padding-bottom : 0px;margin-bottom : 0px;padding-left : 30px;}<\/style><\/div><div class=\"fusion-fullwidth fullwidth-box fusion-builder-row-2 fusion-flex-container nonhundred-percent-fullwidth non-hundred-percent-height-scrolling\" style=\"background-color: rgba(255,255,255,0);background-position: center center;background-repeat: no-repeat;border-width: 0px 0px 0px 0px;border-color:var(--awb-color3);border-style:solid;\" ><div class=\"fusion-builder-row fusion-row fusion-flex-align-items-flex-start\" style=\"max-width:calc( 100% + 50px );margin-left: calc(-50px \/ 2 );margin-right: calc(-50px \/ 2 );\"><div class=\"fusion-layout-column fusion_builder_column fusion-builder-column-1 fusion_builder_column_1_6 1_6 fusion-flex-column\"><div class=\"fusion-column-wrapper fusion-flex-justify-content-flex-start fusion-content-layout-column\" style=\"background-position:left top;background-repeat:no-repeat;-webkit-background-size:cover;-moz-background-size:cover;-o-background-size:cover;background-size:cover;padding: 0px 0px 0px 0px;\"><\/div><style type=\"text\/css\">.fusion-body .fusion-builder-column-1{width:16.666666666667% !important;margin-top : 0px;margin-bottom : 20px;}.fusion-builder-column-1 > .fusion-column-wrapper {padding-top : 0px !important;padding-right : 0px !important;margin-right : 25px;padding-bottom : 0px !important;padding-left : 0px !important;margin-left : 25px;}@media only screen and (max-width:1024px) {.fusion-body .fusion-builder-column-1{width:16.666666666667% !important;order : 0;}.fusion-builder-column-1 > .fusion-column-wrapper {margin-right : 25px;margin-left : 25px;}}@media only screen and (max-width:640px) {.fusion-body .fusion-builder-column-1{width:100% !important;order : 0;}.fusion-builder-column-1 > .fusion-column-wrapper {margin-right : 25px;margin-left : 25px;}}<\/style><\/div><div class=\"fusion-layout-column fusion_builder_column fusion-builder-column-2 fusion_builder_column_1_3 1_3 fusion-flex-column\"><div class=\"fusion-column-wrapper fusion-flex-justify-content-flex-start fusion-content-layout-column\" style=\"background-position:left top;background-repeat:no-repeat;-webkit-background-size:cover;-moz-background-size:cover;-o-background-size:cover;background-size:cover;padding: 0px 0px 0px 0px;\"><div class=\"fusion-text fusion-text-1\" style=\"font-size:24px;line-height:1.6;letter-spacing:0.020em;text-transform:none;color:var(--awb-color1);font-family:&quot;Poppins&quot;;font-weight:500;\"><h4>Tantalex Lithium Resources est une petite soci\u00e9t\u00e9 d&rsquo;exploration canadienne cot\u00e9e \u00e0 la fois \u00e0 la Bourse canadienne et \u00e0 la Bourse de Francfort.<\/h4>\n<\/div><div ><style>.fusion-imageframe.imageframe-1{ margin-bottom : 25px;}<\/style><span class=\" fusion-imageframe imageframe-none imageframe-1 hover-type-none\"><img width=\"150\" height=\"15\" title=\"green-seperator\" src=\"https:\/\/tantalexlithium.com\/wp-content\/uploads\/2022\/03\/green-seperator-150x15.jpg\" alt class=\"img-responsive wp-image-2568\"\/><\/span><\/div><\/div><style type=\"text\/css\">.fusion-body .fusion-builder-column-2{width:33.333333333333% !important;margin-top : 0px;margin-bottom : 20px;}.fusion-builder-column-2 > .fusion-column-wrapper {padding-top : 0px !important;padding-right : 0px !important;margin-right : 25px;padding-bottom : 0px !important;padding-left : 0px !important;margin-left : 25px;}@media only screen and (max-width:1024px) {.fusion-body .fusion-builder-column-2{width:33.333333333333% !important;order : 0;}.fusion-builder-column-2 > .fusion-column-wrapper {margin-right : 25px;margin-left : 25px;}}@media only screen and (max-width:640px) {.fusion-body .fusion-builder-column-2{width:100% !important;order : 0;}.fusion-builder-column-2 > .fusion-column-wrapper {margin-right : 25px;margin-left : 25px;}}<\/style><\/div><div class=\"fusion-layout-column fusion_builder_column fusion-builder-column-3 fusion_builder_column_1_3 1_3 fusion-flex-column\"><div class=\"fusion-column-wrapper fusion-flex-justify-content-flex-start fusion-content-layout-column\" style=\"background-position:left top;background-repeat:no-repeat;-webkit-background-size:cover;-moz-background-size:cover;-o-background-size:cover;background-size:cover;padding: 0px 0px 0px 0px;\"><div class=\"fusion-text fusion-text-2\" style=\"font-size:20px;line-height:1.6em;text-transform:none;color:var(--awb-color4);font-family:&quot;Poppins&quot;;font-weight:300;\"><p>La soci\u00e9t\u00e9 se concentre sur le d\u00e9veloppement de projets de lithium en Afrique, produisant du lithium, du tantale et de l&rsquo;\u00e9tain.<\/p>\n<\/div><div class=\"fusion-text fusion-text-3\" style=\"text-transform:none;\"><p>Les administrateurs et la direction visent \u00e0 positionner Tantalex comme une soci\u00e9t\u00e9 d&rsquo;exploration et de d\u00e9veloppement de premier ordre dans la r\u00e9gion, avec des normes \u00e9lev\u00e9es en mati\u00e8re de durabilit\u00e9 environnementale et de bien-\u00eatre social des communaut\u00e9s locales.<\/p>\n<p>Notre objectif est de d\u00e9velopper notre portefeuille d&rsquo;actifs. En constituant une \u00e9quipe solide de professionnels exp\u00e9riment\u00e9s, nous nous concentrons sur la r\u00e9alisation de nos projets &#8211; dans le respect des d\u00e9lais, du budget et toujours de mani\u00e8re durable. Gr\u00e2ce \u00e0 ce d\u00e9veloppement durable, nous visons \u00e0 cr\u00e9er de la valeur pour nos actionnaires et les pays dans lesquels nous op\u00e9rons.<\/p>\n<\/div><\/div><style type=\"text\/css\">.fusion-body .fusion-builder-column-3{width:33.333333333333% !important;margin-top : 0px;margin-bottom : 20px;}.fusion-builder-column-3 > .fusion-column-wrapper {padding-top : 0px !important;padding-right : 0px !important;margin-right : 25px;padding-bottom : 0px !important;padding-left : 0px !important;margin-left : 25px;}@media only screen and (max-width:1024px) {.fusion-body .fusion-builder-column-3{width:33.333333333333% !important;order : 0;}.fusion-builder-column-3 > .fusion-column-wrapper {margin-right : 25px;margin-left : 25px;}}@media only screen and (max-width:640px) {.fusion-body .fusion-builder-column-3{width:100% !important;order : 0;}.fusion-builder-column-3 > .fusion-column-wrapper {margin-right : 25px;margin-left : 25px;}}<\/style><\/div><\/div><style type=\"text\/css\">.fusion-body .fusion-flex-container.fusion-builder-row-2{ padding-top : 80px;margin-top : 0px;padding-right : 30px;padding-bottom : 80px;margin-bottom : 0px;padding-left : 30px;}<\/style><\/div><\/p>\n","protected":false},"excerpt":{"rendered":"","protected":false},"author":1,"featured_media":0,"parent":0,"menu_order":0,"comment_status":"closed","ping_status":"closed","template":"","meta":[],"_links":{"self":[{"href":"https:\/\/tantalexlithium.com\/fr\/wp-json\/wp\/v2\/pages\/2785"}],"collection":[{"href":"https:\/\/tantalexlithium.com\/fr\/wp-json\/wp\/v2\/pages"}],"about":[{"href":"https:\/\/tantalexlithium.com\/fr\/wp-json\/wp\/v2\/types\/page"}],"author":[{"embeddable":true,"href":"https:\/\/tantalexlithium.com\/fr\/wp-json\/wp\/v2\/users\/1"}],"replies":[{"embeddable":true,"href":"https:\/\/tantalexlithium.com\/fr\/wp-json\/wp\/v2\/comments?post=2785"}],"version-history":[{"count":2,"href":"https:\/\/tantalexlithium.com\/fr\/wp-json\/wp\/v2\/pages\/2785\/revisions"}],"predecessor-version":[{"id":2847,"href":"https:\/\/tantalexlithium.com\/fr\/wp-json\/wp\/v2\/pages\/2785\/revisions\/2847"}],"wp:attachment":[{"href":"https:\/\/tantalexlithium.com\/fr\/wp-json\/wp\/v2\/media?parent=2785"}],"curies":[{"name":"wp","href":"https:\/\/api.w.org\/{rel}","templated":true}]}}